{"id":226,"date":"2024-03-05T21:19:27","date_gmt":"2024-03-05T20:19:27","guid":{"rendered":"https:\/\/aktywny-poznan.pl\/?page_id=226"},"modified":"2024-03-12T22:02:42","modified_gmt":"2024-03-12T21:02:42","slug":"o-nas-fit","status":"publish","type":"page","link":"https:\/\/aktywny-poznan.pl\/?page_id=226","title":{"rendered":"O nas"},"content":{"rendered":"\n<div class=\"wp-block-group is-layout-constrained wp-container-core-group-is-layout-955c507f wp-block-group-is-layout-constrained\" style=\"padding-top:100px;padding-right:30px;padding-bottom:100px;padding-left:30px\">\n<div class=\"wp-block-columns alignwide is-layout-flex wp-container-core-columns-is-layout-28f84493 wp-block-columns-is-layout-flex\">\n<div class=\"wp-block-column is-vertically-aligned-center is-layout-flow wp-block-column-is-layout-flow\">\n<figure class=\"wp-block-image size-large\"><img loading=\"lazy\" decoding=\"async\" width=\"1024\" height=\"1024\" src=\"https:\/\/aktywny-poznan.pl\/wp-content\/uploads\/2024\/03\/logo-stowarzyszenie2-6-1024x1024.png\" alt=\"\" class=\"wp-image-401\" srcset=\"https:\/\/aktywny-poznan.pl\/wp-content\/uploads\/2024\/03\/logo-stowarzyszenie2-6-1024x1024.png 1024w, https:\/\/aktywny-poznan.pl\/wp-content\/uploads\/2024\/03\/logo-stowarzyszenie2-6-300x300.png 300w, https:\/\/aktywny-poznan.pl\/wp-content\/uploads\/2024\/03\/logo-stowarzyszenie2-6-150x150.png 150w, https:\/\/aktywny-poznan.pl\/wp-content\/uploads\/2024\/03\/logo-stowarzyszenie2-6-768x768.png 768w, https:\/\/aktywny-poznan.pl\/wp-content\/uploads\/2024\/03\/logo-stowarzyszenie2-6-1536x1536.png 1536w, https:\/\/aktywny-poznan.pl\/wp-content\/uploads\/2024\/03\/logo-stowarzyszenie2-6-2048x2048.png 2048w\" sizes=\"auto, (max-width: 1024px) 100vw, 1024px\" \/><\/figure>\n<\/div>\n\n\n\n<div class=\"wp-block-column is-vertically-aligned-center is-layout-flow wp-block-column-is-layout-flow\" style=\"padding-top:40px;padding-right:40px;padding-bottom:40px;padding-left:40px\">\n<div class=\"wp-block-group alignwide is-layout-constrained wp-container-core-group-is-layout-26420631 wp-block-group-is-layout-constrained\">\n<p style=\"font-size:25px\"><strong>STOWARZYSZENIE NA RZECZ PROMOCJI KULTURY FIZYCZNEJ \u201eAKTYWNY POZNA\u0143\u201d<\/strong><\/p>\n<\/div>\n<\/div>\n<\/div>\n<\/div>\n\n\n\n<div class=\"wp-block-group is-layout-constrained wp-container-core-group-is-layout-c10fee44 wp-block-group-is-layout-constrained\" style=\"border-style:none;border-width:0px;padding-top:80px;padding-right:30px;padding-bottom:80px;padding-left:30px\">\n<div class=\"wp-block-group alignwide is-layout-constrained wp-block-group-is-layout-constrained\">\n<div class=\"wp-block-columns alignwide is-layout-flex wp-container-core-columns-is-layout-28f84493 wp-block-columns-is-layout-flex\">\n<div class=\"wp-block-column is-vertically-aligned-center is-layout-flow wp-block-column-is-layout-flow\">\n<p>Stowarzyszenie na Rzecz Promocji Kultury Fizycznej \u201eAktywny Pozna\u0144\u201d skupia si\u0119 na promowaniu aktywnego stylu \u017cycia poprzez organizacj\u0119 r\u00f3\u017cnorodnych aktywno\u015bci sportowo-rekreacyjnych oraz wspieranie zdrowego stylu \u017cycia. Nasze dzia\u0142ania obejmuj\u0105 propagowanie rekreacji ruchowej, profilaktyk\u0119 zdrowotn\u0105 oraz integracj\u0119 spo\u0142eczno\u015bci lokalnej. W ramach programu \u201eAktywne Pi\u0105tkowo \u2013 sport to zdrowie!\u201d kontynuujemy swoj\u0105 misj\u0119, organizuj\u0105c darmowe treningi i zaj\u0119cia sportowe dla mieszka\u0144c\u00f3w Pi\u0105tkowa.<\/p>\n\n\n\n<p>Stowarzyszenie aktywnie dzia\u0142a na rzecz r\u00f3\u017cnych grup wiekowych, w\u0142\u0105cznie z osobami niepe\u0142nosprawnymi, poprzez organizacj\u0119 r\u00f3\u017cnorodnych aktywno\u015bci sportowych. Nasze projekty, takie jak \u201eAktywne Morasko szans\u0105 na lepsz\u0105 przysz\u0142o\u015b\u0107!\u201d, \u201eAktywne Naramowice \u2013 sport to zdrowie!\u201d, czy \u201eMy te\u017c chcemy by\u0107 fit!\u201d, s\u0105 realizowane we wsp\u00f3\u0142pracy z innymi organizacjami w ramach Pozna\u0144skich Bud\u017cet\u00f3w Obywatelskich.<\/p>\n\n\n\n<p>Stowarzyszenie anga\u017cuje si\u0119 tak\u017ce w dzia\u0142alno\u015b\u0107 spo\u0142eczn\u0105, charytatywn\u0105 oraz kulturaln\u0105, wspieraj\u0105c integracj\u0119 spo\u0142eczno\u015bci lokalnych i kszta\u0142tuj\u0105c pozytywne wzorce poprzez aktywno\u015b\u0107 fizyczn\u0105. Nasze dzia\u0142ania s\u0105 zgodne z celami statutowymi, kt\u00f3re obejmuj\u0105 szeroki zakres dzia\u0142a\u0144 zwi\u0105zanych z kultur\u0105 fizyczn\u0105 i sportem. Poprzez nasze inicjatywy, stajemy si\u0119 istotnym uczestnikiem budowy zdrowszego i bardziej zintegrowanego spo\u0142ecze\u0144stwa.<\/p>\n\n\n\n<p><\/p>\n<\/div>\n<\/div>\n<\/div>\n\n\n\n<p><\/p>\n\n\n\n<figure class=\"wp-block-image size-large\"><img loading=\"lazy\" decoding=\"async\" width=\"1024\" height=\"1024\" src=\"http:\/\/aktywny-poznan.pl\/wp-content\/uploads\/2024\/03\/331731109_735724624694581_8584461821995910753_n-1024x1024.jpg\" alt=\"\" class=\"wp-image-525\" srcset=\"https:\/\/aktywny-poznan.pl\/wp-content\/uploads\/2024\/03\/331731109_735724624694581_8584461821995910753_n-1024x1024.jpg 1024w, https:\/\/aktywny-poznan.pl\/wp-content\/uploads\/2024\/03\/331731109_735724624694581_8584461821995910753_n-300x300.jpg 300w, https:\/\/aktywny-poznan.pl\/wp-content\/uploads\/2024\/03\/331731109_735724624694581_8584461821995910753_n-150x150.jpg 150w, https:\/\/aktywny-poznan.pl\/wp-content\/uploads\/2024\/03\/331731109_735724624694581_8584461821995910753_n-768x768.jpg 768w, https:\/\/aktywny-poznan.pl\/wp-content\/uploads\/2024\/03\/331731109_735724624694581_8584461821995910753_n-1536x1536.jpg 1536w, https:\/\/aktywny-poznan.pl\/wp-content\/uploads\/2024\/03\/331731109_735724624694581_8584461821995910753_n.jpg 2048w\" sizes=\"auto, (max-width: 1024px) 100vw, 1024px\" \/><\/figure>\n<\/div>\n","protected":false},"excerpt":{"rendered":"<p>STOWARZYSZENIE NA RZECZ PROMOCJI KULTURY FIZYCZNEJ \u201eAKTYWNY POZNA\u0143\u201d Stowarzyszenie na Rzecz Promocji Kultury Fizycznej \u201eAktywny [&hellip;]<\/p>\n","protected":false},"author":1,"featured_media":0,"parent":0,"menu_order":0,"comment_status":"closed","ping_status":"closed","template":"wp-custom-template-fit","meta":{"footnotes":""},"class_list":["post-226","page","type-page","status-publish","hentry"],"_links":{"self":[{"href":"https:\/\/aktywny-poznan.pl\/index.php?rest_route=\/wp\/v2\/pages\/226","targetHints":{"allow":["GET"]}}],"collection":[{"href":"https:\/\/aktywny-poznan.pl\/index.php?rest_route=\/wp\/v2\/pages"}],"about":[{"href":"https:\/\/aktywny-poznan.pl\/index.php?rest_route=\/wp\/v2\/types\/page"}],"author":[{"embeddable":true,"href":"https:\/\/aktywny-poznan.pl\/index.php?rest_route=\/wp\/v2\/users\/1"}],"replies":[{"embeddable":true,"href":"https:\/\/aktywny-poznan.pl\/index.php?rest_route=%2Fwp%2Fv2%2Fcomments&post=226"}],"version-history":[{"count":9,"href":"https:\/\/aktywny-poznan.pl\/index.php?rest_route=\/wp\/v2\/pages\/226\/revisions"}],"predecessor-version":[{"id":1150,"href":"https:\/\/aktywny-poznan.pl\/index.php?rest_route=\/wp\/v2\/pages\/226\/revisions\/1150"}],"wp:attachment":[{"href":"https:\/\/aktywny-poznan.pl\/index.php?rest_route=%2Fwp%2Fv2%2Fmedia&parent=226"}],"curies":[{"name":"wp","href":"https:\/\/api.w.org\/{rel}","templated":true}]}}