{"id":456,"date":"2024-03-07T06:56:36","date_gmt":"2024-03-07T05:56:36","guid":{"rendered":"https:\/\/aktywny-poznan.pl\/?page_id=456"},"modified":"2026-02-26T11:47:38","modified_gmt":"2026-02-26T10:47:38","slug":"oswiadczenie","status":"publish","type":"page","link":"https:\/\/aktywny-poznan.pl\/?page_id=456","title":{"rendered":"O\u015bwiadczenie"},"content":{"rendered":"\n<p>O\u015bwiadczenie uczestnika nale\u017cy wype\u0142ni\u0107, a nast\u0119pnie dostarczy\u0107 do osoby prowadz\u0105cej zaj\u0119cia przed rozpocz\u0119ciem treningu!<\/p>\n\n\n\n<div data-wp-interactive=\"core\/file\" class=\"wp-block-file\"><object data-wp-bind--hidden=\"!state.hasPdfPreview\" hidden class=\"wp-block-file__embed\" data=\"http:\/\/aktywny-poznan.pl\/wp-content\/uploads\/2026\/02\/Oswiadczenie_PBO26_Poprawiona-wersja-.pdf\" type=\"application\/pdf\" style=\"width:100%;height:600px\" aria-label=\"Osadzone z Oswiadczenie_PBO26_Poprawiona wersja.\"><\/object><a id=\"wp-block-file--media-1b61f4c5-687f-4443-9fd2-1965080cd672\" href=\"http:\/\/aktywny-poznan.pl\/wp-content\/uploads\/2026\/02\/Oswiadczenie_PBO26_Poprawiona-wersja-.pdf\">Oswiadczenie_PBO26_Poprawiona wersja<\/a><a href=\"http:\/\/aktywny-poznan.pl\/wp-content\/uploads\/2026\/02\/Oswiadczenie_PBO26_Poprawiona-wersja-.pdf\" class=\"wp-block-file__button wp-element-button\" download aria-describedby=\"wp-block-file--media-1b61f4c5-687f-4443-9fd2-1965080cd672\">Pobierz<\/a><\/div>\n","protected":false},"excerpt":{"rendered":"<p>O\u015bwiadczenie uczestnika nale\u017cy wype\u0142ni\u0107, a nast\u0119pnie dostarczy\u0107 do osoby prowadz\u0105cej zaj\u0119cia przed rozpocz\u0119ciem treningu!<\/p>\n","protected":false},"author":1,"featured_media":0,"parent":0,"menu_order":0,"comment_status":"closed","ping_status":"closed","template":"wp-custom-template-an","meta":{"footnotes":""},"class_list":["post-456","page","type-page","status-publish","hentry"],"_links":{"self":[{"href":"https:\/\/aktywny-poznan.pl\/index.php?rest_route=\/wp\/v2\/pages\/456","targetHints":{"allow":["GET"]}}],"collection":[{"href":"https:\/\/aktywny-poznan.pl\/index.php?rest_route=\/wp\/v2\/pages"}],"about":[{"href":"https:\/\/aktywny-poznan.pl\/index.php?rest_route=\/wp\/v2\/types\/page"}],"author":[{"embeddable":true,"href":"https:\/\/aktywny-poznan.pl\/index.php?rest_route=\/wp\/v2\/users\/1"}],"replies":[{"embeddable":true,"href":"https:\/\/aktywny-poznan.pl\/index.php?rest_route=%2Fwp%2Fv2%2Fcomments&post=456"}],"version-history":[{"count":4,"href":"https:\/\/aktywny-poznan.pl\/index.php?rest_route=\/wp\/v2\/pages\/456\/revisions"}],"predecessor-version":[{"id":1894,"href":"https:\/\/aktywny-poznan.pl\/index.php?rest_route=\/wp\/v2\/pages\/456\/revisions\/1894"}],"wp:attachment":[{"href":"https:\/\/aktywny-poznan.pl\/index.php?rest_route=%2Fwp%2Fv2%2Fmedia&parent=456"}],"curies":[{"name":"wp","href":"https:\/\/api.w.org\/{rel}","templated":true}]}}