{"id":468,"date":"2024-03-07T06:55:36","date_gmt":"2024-03-07T05:55:36","guid":{"rendered":"https:\/\/aktywny-poznan.pl\/?page_id=468"},"modified":"2024-03-12T22:10:18","modified_gmt":"2024-03-12T21:10:18","slug":"pytania","status":"publish","type":"page","link":"https:\/\/aktywny-poznan.pl\/?page_id=468","title":{"rendered":"Pytania"},"content":{"rendered":"\n<p><strong>Co to jest program My te\u017c chcemy by\u0107 fit!?<\/strong><\/p>\n\n\n\n<p>Program My te\u017c chcemy by\u0107 fit! to inicjatywa realizowana w ramach \u015brodk\u00f3w z Pozna\u0144skiego Bud\u017cetu Obywatelskiego. Jest to cykl bezp\u0142atnych zaj\u0119\u0107 sportowo-rekreacyjnych, dedykowany mieszka\u0144com dzielnicy Antoninek-Zieliniec-Kobylepole, G\u0142\u00f3wna, Ostr\u00f3w Tumski- \u015ar\u00f3dka-Zawady-Komandoria, Warszawskie-Pomet-Malta\u0144skie, umo\u017cliwiaj\u0105cy im aktywny udzia\u0142 w r\u00f3\u017cnorodnych aktywno\u015bciach fizycznych na terenie swojej dzielnicy.<\/p>\n\n\n\n<p><strong>Kto mo\u017ce uczestniczy\u0107 w zaj\u0119ciach w ramach programu My te\u017c chcemy by\u0107 fit!?<\/strong><\/p>\n\n\n\n<p>Udzia\u0142 w zaj\u0119ciach jest przeznaczony wy\u0142\u0105cznie dla os\u00f3b na sta\u0142e zamieszkuj\u0105cych w dzielnicy Antoninek-Zieliniec-Kobylepole, G\u0142\u00f3wna, Ostr\u00f3w Tumski- \u015ar\u00f3dka-Zawady-Komandoria, Warszawskie-Pomet-Malta\u0144skie. Organizowane s\u0105 one na terenie konkretnego rejonu, co nale\u017cy sprawdzi\u0107 poprzez dost\u0119pne narz\u0119dzia udost\u0119pnione przez Urz\u0105d Miasta Poznania.<\/p>\n\n\n\n<p><strong>Jak sprawdzi\u0107, do kt\u00f3rego rejonu nale\u017cy moje miejsce zamieszkania?<\/strong><\/p>\n\n\n\n<p>Mo\u017cna to sprawdzi\u0107 poprzez Portal Systemu Informacji Przestrzennej Miasta Poznania, wpisuj\u0105c sw\u00f3j adres. W kolumnie \u201eBUD\u017bET OBYWATELSKI\u201d pojawi si\u0119 informacja o przynale\u017cno\u015bci do konkretnego rejonu.<\/p>\n\n\n\n<p><strong>Gdzie mog\u0119 si\u0119 zapisa\u0107 na zaj\u0119cia? Jakie s\u0105 metody zapis\u00f3w?<\/strong><\/p>\n\n\n\n<p>Zapisy do grup \u0107wiczebnych odbywaj\u0105 si\u0119 bezpo\u015brednio u prowadz\u0105cych zaj\u0119cia. Metody zapis\u00f3w mog\u0105 si\u0119 r\u00f3\u017cni\u0107, dlatego warto sprawdzi\u0107 informacje dost\u0119pne na stronie programu.<\/p>\n\n\n\n<p><strong>Czy mog\u0119 korzysta\u0107 z zaj\u0119\u0107, je\u015bli mieszkam tu\u017c przy granicy rejonu lub mam inne uzasadnienie?<\/strong><\/p>\n\n\n\n<p>Zaj\u0119cia s\u0105 przeznaczone wy\u0142\u0105cznie dla mieszka\u0144c\u00f3w konkretnego rejonu. Zasady Pozna\u0144skiego Bud\u017cetu Obywatelskiego wymagaj\u0105 uczestnictwa os\u00f3b z terenu obj\u0119tego danym projektem.<\/p>\n\n\n\n<p><strong>Czy g\u0142osowanie na projekt daje pierwsze\u0144stwo przy zapisach?<\/strong><\/p>\n\n\n\n<p>Nie, ka\u017cdy mieszkaniec ma r\u00f3wne szanse na zapisanie si\u0119 na zaj\u0119cia. Priorytetem jest rotacja i zapewnienie mo\u017cliwo\u015bci uczestnictwa jak najwi\u0119kszej liczbie os\u00f3b.<\/p>\n\n\n\n<p><strong>Co zrobi\u0107, je\u015bli moja dzielnica nie jest obj\u0119ta programem?<\/strong><\/p>\n\n\n\n<p>Programy s\u0105 realizowane tylko w tych dzielnicach, kt\u00f3re zdecydowa\u0142y o przeznaczeniu \u015brodk\u00f3w z bud\u017cetu obywatelskiego na tego typu dzia\u0142ania. Je\u015bli Twoja dzielnica nie jest obj\u0119ta, niestety nie mo\u017cesz uczestniczy\u0107 w zaj\u0119ciach.<\/p>\n\n\n\n<p><strong>Co zrobi\u0107, je\u015bli mam inne pytania lub w\u0105tpliwo\u015bci?<\/strong><\/p>\n\n\n\n<p>W razie pyta\u0144 lub w\u0105tpliwo\u015bci mo\u017cna skontaktowa\u0107 si\u0119 ze Stowarzyszeniem na Rzecz Promocji Kultury Fizycznej \u201eAktywny Pozna\u0144\u201d, kt\u00f3re jest odpowiedzialne za realizacj\u0119 programu, korzystaj\u0105c z danych kontaktowych dost\u0119pnych na stronie projektu.<\/p>\n","protected":false},"excerpt":{"rendered":"<p>Co to jest program My te\u017c chcemy by\u0107 fit!? Program My te\u017c chcemy by\u0107 fit! [&hellip;]<\/p>\n","protected":false},"author":1,"featured_media":0,"parent":0,"menu_order":0,"comment_status":"closed","ping_status":"closed","template":"wp-custom-template-fit","meta":{"footnotes":""},"class_list":["post-468","page","type-page","status-publish","hentry"],"_links":{"self":[{"href":"https:\/\/aktywny-poznan.pl\/index.php?rest_route=\/wp\/v2\/pages\/468","targetHints":{"allow":["GET"]}}],"collection":[{"href":"https:\/\/aktywny-poznan.pl\/index.php?rest_route=\/wp\/v2\/pages"}],"about":[{"href":"https:\/\/aktywny-poznan.pl\/index.php?rest_route=\/wp\/v2\/types\/page"}],"author":[{"embeddable":true,"href":"https:\/\/aktywny-poznan.pl\/index.php?rest_route=\/wp\/v2\/users\/1"}],"replies":[{"embeddable":true,"href":"https:\/\/aktywny-poznan.pl\/index.php?rest_route=%2Fwp%2Fv2%2Fcomments&post=468"}],"version-history":[{"count":2,"href":"https:\/\/aktywny-poznan.pl\/index.php?rest_route=\/wp\/v2\/pages\/468\/revisions"}],"predecessor-version":[{"id":1162,"href":"https:\/\/aktywny-poznan.pl\/index.php?rest_route=\/wp\/v2\/pages\/468\/revisions\/1162"}],"wp:attachment":[{"href":"https:\/\/aktywny-poznan.pl\/index.php?rest_route=%2Fwp%2Fv2%2Fmedia&parent=468"}],"curies":[{"name":"wp","href":"https:\/\/api.w.org\/{rel}","templated":true}]}}